{"id":16,"date":"2018-09-26T14:04:57","date_gmt":"2018-09-26T11:04:57","guid":{"rendered":"http:\/\/www.montajmastari.com\/?page_id=16"},"modified":"2018-10-02T12:22:16","modified_gmt":"2018-10-02T09:22:16","slug":"anasayfa","status":"publish","type":"page","link":"http:\/\/www.montajmastari.com\/","title":{"rendered":""},"content":{"rendered":"\n<p style=\"font-size:50px;text-align:center\" class=\"has-very-dark-gray-color\"><strong>MONTAJ MASTARI<\/strong><\/p>\n\n\n\n<p class=\"has-very-light-gray-color\">.<\/p>\n\n\n\n<p><strong><\/strong><\/p>\n\n\n\n<ul class=\"wp-block-gallery columns-1 is-cropped wp-block-gallery-1 is-layout-flex wp-block-gallery-is-layout-flex\"><li class=\"blocks-gallery-item\"><figure><img loading=\"lazy\" decoding=\"async\" width=\"1778\" height=\"169\" src=\"http:\/\/www.montajmastari.com\/wp-content\/uploads\/2018\/10\/montagelineal_mit_besselschen_punkt.jpg\" alt=\"\" data-id=\"155\" data-link=\"http:\/\/www.montajmastari.com\/index.php\/anasayfa\/montagelineal_mit_besselschen_punkt\/\" class=\"wp-image-155\" srcset=\"http:\/\/www.montajmastari.com\/wp-content\/uploads\/2018\/10\/montagelineal_mit_besselschen_punkt.jpg 1778w, http:\/\/www.montajmastari.com\/wp-content\/uploads\/2018\/10\/montagelineal_mit_besselschen_punkt-300x29.jpg 300w, http:\/\/www.montajmastari.com\/wp-content\/uploads\/2018\/10\/montagelineal_mit_besselschen_punkt-768x73.jpg 768w, http:\/\/www.montajmastari.com\/wp-content\/uploads\/2018\/10\/montagelineal_mit_besselschen_punkt-1024x97.jpg 1024w\" sizes=\"auto, (max-width: 1778px) 100vw, 1778px\" \/><\/figure><\/li><\/ul>\n\n\n<p>\u00a0<\/p>\n<h2>Montaj mastar\u0131 nedir?<\/h2>\n<p>Montaj mastar\u0131 \u00f6zellikle makine montajlar\u0131nda ve tezgah ayarlar\u0131nda paralelli\u011fi \u00f6l\u00e7mek ve ayarlamak i\u00e7in kullan\u0131lan \u00f6l\u00e7\u00fc aletidir.<\/p>\n<p>\u00a0<\/p>\n<h2>Montaj mastar\u0131 nerelerde kullan\u0131l\u0131r?<\/h2>\n<p>Montaj mastar\u0131 paralellik ve d\u00fczlemsellik gerektiren bir\u00e7ok alanda kullan\u0131labilir. Genellikle makina montajlar\u0131nda, birbiriyle paralel olarak \u00e7al\u0131\u015fmas\u0131 gereken tezgahlar\u0131n ayarlanmas\u0131nda, ray ve k\u0131zak montajlar\u0131nda, haddehanelerin role montaj ve ayarlamalar\u0131n\u0131n yap\u0131lmas\u0131nda kullan\u0131l\u0131r.<\/p>\n<p>\u00a0<\/p>\n<h2>Montaj mastar\u0131 nas\u0131l imal edilir?<\/h2>\n<p>Montaj mastar\u0131 imalat\u0131 \u00e7ok me\u015fakkatli bir i\u015ftir. Makine i\u015f\u00e7ili\u011finden \u00e7ok maharetli ustan\u0131n el i\u015f\u00e7ili\u011fi \u00e7ok \u00f6nemlidir.<\/p>\n<p>Montaj mastar\u0131 \u00f6zel bir istek olmad\u0131\u011f\u0131 s\u00fcrece NPI profilden imal edilir. I profil \u00f6ncelikle CNC frezede i\u015flenerek kaba halini al\u0131r. Daha sonra kaba ta\u015flamas\u0131 yap\u0131l\u0131r. Ta\u015flama a\u015famas\u0131 \u00e7ok \u00f6nemlidir. Do\u011fru oranda tala\u015f verilmezse malzeme \u0131s\u0131n\u0131p d\u00f6nebilir, daha da k\u00f6t\u00fcs\u00fc d\u00fc\u011f\u00fcmlenebilir. Kula\u011fa tuhaf geliyor ama evet \u00e7elik de d\u00fc\u011f\u00fcmlenebilir ve b\u00f6yle bir durumda yar\u0131 mamul durumunda ki montaj mastar\u0131m\u0131z geri d\u00f6n\u00fc\u015f\u00fcme g\u00f6nderilir. Kaba ta\u015flamadan sonra devreye, i\u015fin s\u0131rr\u0131, ustam\u0131z\u0131n bilgi ve becerisi girer. Do\u011fru yere, do\u011fru y\u00f6nde, do\u011fru \u015fiddette uygulanan \u00e7eki\u00e7 darbeleriyle montaj mastar\u0131 do\u011frultulur. Son ta\u015flamayla hassasiyet sa\u011flanm\u0131\u015f olur. Boyand\u0131ktan sonra kalite kontrol sorumlusu \u00f6l\u00e7\u00fcmlerini yapar, protokol (sertifika) i\u00e7in gerekli \u00f6l\u00e7\u00fcm de\u011ferlerini not al\u0131r. Paslanmaya kar\u015f\u0131 korumak i\u00e7in ya\u011fl\u0131 ka\u011f\u0131da sar\u0131larak paketlenir.<\/p>\n<p>\u00a0<\/p>\n<h2>Montaj mastar\u0131n\u0131n \u00fczerinde ki delikler ne i\u015fe yarar?<\/h2>\n<p>Montaj mastar\u0131n\u0131n \u00fczerine a\u00e7\u0131lan deliklerin d\u00f6rt ana hedefi vard\u0131r.<\/p>\n<p>1- Montaj mastar\u0131n\u0131 hafifletmek<\/p>\n<p>2- \u00c7elik \u00fczerinde ki gerilimi azaltmak<\/p>\n<p>3- Tutma, kald\u0131rma ve kullan\u0131m\u0131 kolayla\u015ft\u0131rmak<\/p>\n<p>4- Mukavemeti art\u0131rmak<\/p>\n<p>\u00a0<\/p>\n<h2>Montaj mastar\u0131n\u0131 kullan\u0131rken ve saklarken nelere dikkat etmeliyim?<\/h2>\n<p>Montaj mastar\u0131 hassas bir mastard\u0131r. \u00c7arpma ve darbelerden etkilenir, hassasiyeti kaybolur. Ta\u015f\u0131rken veya kullan\u0131rken en az bir ki\u015finin yard\u0131m\u0131na ihtiya\u00e7 vard\u0131r. Mastar\u0131 do\u011fru noktadan ba\u011flamal\u0131s\u0131n\u0131z. \u0130ki u\u00e7tan ba\u011flarsan\u0131z mastar\u0131n\u0131z sarkacak, \u00e7ok i\u00e7eriden ba\u011flarsan\u0131z da bel verecektir. Bu y\u00fczden do\u011fru dayama noktas\u0131n\u0131 bulman\u0131z gerekmektedir. Bunun i\u00e7in montaj mastar\u0131n\u0131n boyunu 0,22 ile \u00e7arp\u0131n\u0131z. B\u00f6ylece dayama noktalar\u0131n\u0131n nereler olaca\u011f\u0131n\u0131 bulacaks\u0131n\u0131z. \u00d6rne\u011fin 6000mm boyunda olan bir montaj mastar\u0131n\u0131n dayama noktalar\u0131, her iki ba\u015ftan i\u00e7eriye do\u011fru 1320mm&#8217;dir. E\u011fer bu noktaya ba\u011flarsan\u0131z montaj mastar\u0131n\u0131z tam toleranslar i\u00e7erisinde olacakt\u0131r.<\/p>\n<p>Montaj mastar\u0131n\u0131z\u0131 uzun s\u00fcre kullanmak i\u00e7in do\u011fru ko\u015fullarda saklamal\u0131s\u0131n\u0131z. Metal \u00fczerinde ki parmak izlerini yok etmelisiniz. \u0130nsan terinde bulunan asitler k\u0131sa s\u00fcrede metalin paslanmas\u0131na yol a\u00e7arlar. Her kullan\u0131mdan sonra alkolle temizlemeli, pas ve korozyona kar\u015f\u0131 ya\u011flamal\u0131 yada BENCARE gibi metal temizleme mendili kullanmal\u0131s\u0131n\u0131z. Daha sonra varsa \u00f6zel kutusunda muhafaza etmelisiniz.<\/p>\n<p>Unutmay\u0131n ki makine montajlar\u0131 ve tezgah tesviyeleri \u00f6nemli i\u015flerdir. Montaj mastar\u0131n\u0131z\u0131n y\u0131prand\u0131\u011f\u0131n\u0131 ve art\u0131k do\u011fru toleranslarda olmad\u0131\u011f\u0131n\u0131z\u0131 d\u00fc\u015f\u00fcn\u00fcyorsan\u0131z yenisiyle de\u011fi\u015ftirmelisiniz.\u00a0<\/p>\n<h2>\u00a0<\/h2>\n<h2>Montaj mastar\u0131n\u0131n toleranslar\u0131 (hassasiyeti) nas\u0131ld\u0131r?<\/h2>\n<p>\u00c7elik kulla\u011fa kaba gelsede \u00e7ok hassas toleranslarda i\u015flenebilir. Sizden bir milimin %1 hatta ve hatta %0,1 hassasiyetinde bir i\u015f \u00e7\u0131karman\u0131z isteniyorsa makinan\u0131z\u0131n ve tezgah\u0131n\u0131n da en do\u011fru \u015fekilde montajlanmas\u0131 gerekmektedir.<\/p>\n<p>Y\u00fczeylerin d\u00fczlemsellik hassasiyeti a\u015fa\u011f\u0131daki tabloda verilmi\u015ftir. Yan y\u00fczeylerin ve paralelliklerin hassasiyeti i\u00e7in tablo alt\u0131nda ki a\u00e7\u0131klamalar\u0131 dikkate almal\u0131s\u0131n\u0131z.<\/p>\n<table class=\"small\" style=\"height: 437px;\" width=\"513\">\n<tbody>\n<tr>\n<td style=\"text-align: center;\"><b>Uzunluk<\/b>(mm)<\/td>\n<td style=\"text-align: center;\" colspan=\"3\"><b>Do\u011frusall\u0131kta ki D\u00fczlemsellik Hassasiyeti\u00a0<\/b>(\u00b5m)<\/td>\n<\/tr>\n<tr>\n<td>\u00a0<\/td>\n<td style=\"text-align: center;\"><b>0 Kalite<\/b><\/td>\n<td style=\"text-align: center;\"><b>1.Kalite<\/b><\/td>\n<td style=\"text-align: center;\"><b>2.Kalite<\/b><\/td>\n<\/tr>\n<tr>\n<td style=\"text-align: center;\">500<\/td>\n<td style=\"text-align: center;\">7<\/td>\n<td style=\"text-align: center;\">12<\/td>\n<td style=\"text-align: center;\">20,5<\/td>\n<\/tr>\n<tr>\n<td style=\"text-align: center;\">750<\/td>\n<td style=\"text-align: center;\">9,5<\/td>\n<td style=\"text-align: center;\">16,5<\/td>\n<td style=\"text-align: center;\">27<\/td>\n<\/tr>\n<tr>\n<td style=\"text-align: center;\">1000<\/td>\n<td style=\"text-align: center;\">12<\/td>\n<td style=\"text-align: center;\">21<\/td>\n<td style=\"text-align: center;\">33<\/td>\n<\/tr>\n<tr>\n<td style=\"text-align: center;\">1500<\/td>\n<td style=\"text-align: center;\">17<\/td>\n<td style=\"text-align: center;\">29<\/td>\n<td style=\"text-align: center;\">45,5<\/td>\n<\/tr>\n<tr>\n<td style=\"text-align: center;\">2000<\/td>\n<td style=\"text-align: center;\">22<\/td>\n<td style=\"text-align: center;\">37<\/td>\n<td style=\"text-align: center;\">58<\/td>\n<\/tr>\n<tr>\n<td style=\"text-align: center;\">2500<\/td>\n<td style=\"text-align: center;\">27<\/td>\n<td style=\"text-align: center;\">46<\/td>\n<td style=\"text-align: center;\">70,5<\/td>\n<\/tr>\n<tr>\n<td style=\"text-align: center;\">3000<\/td>\n<td style=\"text-align: center;\">32<\/td>\n<td style=\"text-align: center;\">54<\/td>\n<td style=\"text-align: center;\">83<\/td>\n<\/tr>\n<tr>\n<td style=\"text-align: center;\">4000<\/td>\n<td style=\"text-align: center;\">42<\/td>\n<td style=\"text-align: center;\">71<\/td>\n<td style=\"text-align: center;\">108<\/td>\n<\/tr>\n<tr>\n<td style=\"text-align: center;\">5000<\/td>\n<td style=\"text-align: center;\">52<\/td>\n<td style=\"text-align: center;\">87<\/td>\n<td style=\"text-align: center;\">133<\/td>\n<\/tr>\n<tr>\n<td style=\"text-align: center;\">6000<\/td>\n<td style=\"text-align: center;\">62<\/td>\n<td style=\"text-align: center;\">104<\/td>\n<td style=\"text-align: center;\">158<\/td>\n<\/tr>\n<\/tbody>\n<\/table>\n<p>* Yan y\u00fczeylerin d\u00fczlemselli\u011fi i\u00e7in 3 kat\u0131 ge\u00e7erlidir.<br \/>* \u00d6l\u00e7\u00fc y\u00fczeylerin birbirine olan paralelli\u011fi 2 kat\u0131 ge\u00e7erlidir.<br \/>* Yan y\u00fczeylerin paralelli\u011fi 6 kat\u0131 ge\u00e7erlidir.<br \/>* Yan y\u00fczeylerin \u00f6l\u00e7\u00fcm y\u00fczeyine olan 90 derecesi i\u00e7in 3 kat\u0131 ge\u00e7erlidir.<br \/>* K\u00f6\u015fe k\u0131rmalarda 0,5mm tolerans mevcuttur.<\/p>\n<p>\u00a0<\/p>\n<h2>Montaj mastar\u0131 hangi \u00f6l\u00e7\u00fclerde imal edilir?<\/h2>\n<p>Montaj mastar\u0131 do\u011fru firma, do\u011fru ekipman ve do\u011fru ustayla 7500mm&#8217;ye kadar imal edilebilir. K\u0131sacas\u0131 biz imal edebiliyoruz.<\/p>\n<p>\u00a0<\/p>\n<h2>Montaj mastar\u0131 al\u0131rken nelere dikkat etmeliyim?<\/h2>\n<p>Montaj mastarlar\u0131 ucuz \u00f6l\u00e7\u00fc aletleri de\u011fildir. Bu kadar pahal\u0131 ve \u00f6nemli bir \u00f6l\u00e7\u00fc aletini sat\u0131n al\u0131rken dikkatli olmal\u0131s\u0131n\u0131z. \u0130stedi\u011finiz hassasiyette olmayan bir montaj mastar\u0131yla ayarlanm\u0131\u015f makinadan yada tezgahtan do\u011fru \u00fcr\u00fcn \u00e7\u0131kmas\u0131n\u0131 bekleyemezsiniz.\u00a0<\/p>\n<p>\u00d6ncelikle bilindik, g\u00fcvenilir ve k\u00f6kl\u00fc bir firmadan sat\u0131n almal\u0131s\u0131n\u0131z. \u00d6l\u00e7\u00fcm protokollerini istemeli, gerekirse kendiniz kalibre ettirmelisiniz.\u00a0<\/p>\n<p>Piyasada ki kaba freze yap\u0131l\u0131p, kaba ta\u015flan\u0131p, boyayla s\u00fcslenerek sat\u0131lan montaj mastarlar\u0131na dikkat etmelisiniz. Gerekirse firmadan randevu talep edip imalathaneyi ziyaret etmelisiniz.\u00a0<\/p>","protected":false},"excerpt":{"rendered":"<p>MONTAJ MASTARI . \u00a0 Montaj mastar\u0131 nedir? Montaj mastar\u0131 \u00f6zellikle makine montajlar\u0131nda ve tezgah ayarlar\u0131nda paralelli\u011fi \u00f6l\u00e7mek ve ayarlamak i\u00e7in kullan\u0131lan \u00f6l\u00e7\u00fc aletidir. \u00a0 Montaj mastar\u0131 nerelerde kullan\u0131l\u0131r? Montaj mastar\u0131 paralellik ve d\u00fczlemsellik gerektiren bir\u00e7ok alanda kullan\u0131labilir. Genellikle makina montajlar\u0131nda, birbiriyle paralel olarak \u00e7al\u0131\u015fmas\u0131 gereken tezgahlar\u0131n ayarlanmas\u0131nda, ray ve k\u0131zak montajlar\u0131nda, haddehanelerin role montaj ve [&hellip;]<\/p>\n","protected":false},"author":1,"featured_media":28,"parent":0,"menu_order":0,"comment_status":"closed","ping_status":"closed","template":"","meta":{"footnotes":""},"class_list":["post-16","page","type-page","status-publish","has-post-thumbnail","hentry"],"_links":{"self":[{"href":"http:\/\/www.montajmastari.com\/index.php\/wp-json\/wp\/v2\/pages\/16","targetHints":{"allow":["GET"]}}],"collection":[{"href":"http:\/\/www.montajmastari.com\/index.php\/wp-json\/wp\/v2\/pages"}],"about":[{"href":"http:\/\/www.montajmastari.com\/index.php\/wp-json\/wp\/v2\/types\/page"}],"author":[{"embeddable":true,"href":"http:\/\/www.montajmastari.com\/index.php\/wp-json\/wp\/v2\/users\/1"}],"replies":[{"embeddable":true,"href":"http:\/\/www.montajmastari.com\/index.php\/wp-json\/wp\/v2\/comments?post=16"}],"version-history":[{"count":49,"href":"http:\/\/www.montajmastari.com\/index.php\/wp-json\/wp\/v2\/pages\/16\/revisions"}],"predecessor-version":[{"id":200,"href":"http:\/\/www.montajmastari.com\/index.php\/wp-json\/wp\/v2\/pages\/16\/revisions\/200"}],"wp:featuredmedia":[{"embeddable":true,"href":"http:\/\/www.montajmastari.com\/index.php\/wp-json\/wp\/v2\/media\/28"}],"wp:attachment":[{"href":"http:\/\/www.montajmastari.com\/index.php\/wp-json\/wp\/v2\/media?parent=16"}],"curies":[{"name":"wp","href":"https:\/\/api.w.org\/{rel}","templated":true}]}}